{"id":944,"date":"2020-03-12T11:32:58","date_gmt":"2020-03-12T11:32:58","guid":{"rendered":"http:\/\/bonkore.com\/informacion-adicional-de-proteccion-de-datos\/"},"modified":"2020-04-24T12:00:53","modified_gmt":"2020-04-24T12:00:53","slug":"informacion-adicional-de-proteccion-de-datos","status":"publish","type":"page","link":"https:\/\/bonkore.com\/en\/informacion-adicional-de-proteccion-de-datos\/","title":{"rendered":"Informaci\u00f3n adicional de protecci\u00f3n de datos"},"content":{"rendered":"\n<hr class=\"wp-block-separator has-text-color has-background is-style-dots\" style=\"background-color:#ffffff;color:#ffffff\"\/>\n\n\n\n<hr class=\"wp-block-separator has-text-color has-background is-style-dots\" style=\"background-color:#ffffff;color:#ffffff\"\/>\n\n\n\n<h4 class=\"wp-block-heading\">\u00bfQui\u00e9n es el Responsable de tratamiento de sus datos?<\/h4>\n\n\n\n<p><strong>Identidad<\/strong>: BONKORE, S.L.<br><strong>Dir. Postal<\/strong>: CALLE RONDA DE LA PLAZUELA 7 &#8211; LAS ROZAS (28231)<br><strong>Correo elect<\/strong>.: alejos@bonkore.com<br><strong>Delegado de Protecci\u00f3n de Datos<\/strong>: <br><strong>Contacto DPO<\/strong>: dpo.bonkore@lock4data.es<\/p>\n\n\n\n<hr class=\"wp-block-separator has-text-color has-background is-style-dots\" style=\"background-color:#ffffff;color:#ffffff\"\/>\n\n\n\n<h4 class=\"wp-block-heading\">\u00bfCon que finalidad tratamos sus datos personales?<\/h4>\n\n\n\n<p>En BONKORE, S.L. tratamos la informaci\u00f3n que nos facilitan las personas\ninteresadas en el fin de prestarle los servicios o informaci\u00f3n que nos\nsoliciten as\u00ed como facilitar a los interesados informaci\u00f3n de acuerdo con sus\nintereses y mejorar su experiencia de usuario, as\u00ed como elaborar un \u201cperfil\ncomercial\u201d en base a la informaci\u00f3n facilitada sin tomar decisiones\nautomatizadas en base a dicho perfil. <\/p>\n\n\n\n<hr class=\"wp-block-separator has-text-color has-background is-style-dots\" style=\"background-color:#ffffff;color:#ffffff\"\/>\n\n\n\n<h4 class=\"wp-block-heading\"><strong>\u00bfPor cu\u00e1nto tiempo conservaremos sus datos?<\/strong><\/h4>\n\n\n\n<p>Los datos personales proporcionados y obtenidos durante la prestaci\u00f3n\nde los servicios solicitados mientras dure la relaci\u00f3n comercial, se\nconservar\u00e1n durante un plazo de 5 a\u00f1os a partir de la \u00faltima confirmaci\u00f3n de\ninter\u00e9s. <\/p>\n\n\n\n<hr class=\"wp-block-separator has-text-color has-background is-style-dots\" style=\"background-color:#ffffff;color:#ffffff\"\/>\n\n\n\n<h4 class=\"wp-block-heading\"><strong>\u00bfCu\u00e1l es la legitimaci\u00f3n para el tratamiento de sus datos?<\/strong><\/h4>\n\n\n\n<p>La base legal para el tratamiento de sus datos es la ejecuci\u00f3n de la\nsolicitud de informaci\u00f3n o contrataci\u00f3n de los servicios de BONKORE, S.L.. La\noferta prospectiva de productos y servicios est\u00e1 basada en el consentimiento\nque se le solicita, sin que en ning\u00fan caso la retirada de este consentimiento\ncondicione la ejecuci\u00f3n del contrato de prestaci\u00f3n de servicios. <strong><br>\n<\/strong><\/p>\n\n\n\n<hr class=\"wp-block-separator has-text-color has-background is-style-dots\" style=\"background-color:#ffffff;color:#ffffff\"\/>\n\n\n\n<h4 class=\"wp-block-heading\">\u00bfA qu\u00e9 destinatarios se comunicar\u00e1n sus datos?<\/h4>\n\n\n\n<p>Los datos podr\u00e1n ser comunicados a otras empresas del grupo BONKORE,\nS.L. para fines administrativos internos, o en caso de ser necesario para la\nejecuci\u00f3n del contrato de prestaci\u00f3n del servicio para cuya finalidad el\ninteresado ha facilitado sus datos. <\/p>\n\n\n\n<hr class=\"wp-block-separator has-text-color has-background is-style-dots\" style=\"background-color:#ffffff;color:#ffffff\"\/>\n\n\n\n<h4 class=\"wp-block-heading\"><strong>\u00bfCu\u00e1les son sus derechos cuando nos facilita sus datos?<\/strong><\/h4>\n\n\n\n<p>Cualquier interesado tiene derecho a obtener confirmaci\u00f3n sobre si en BONKORE,\nS.L. estamos tratando los datos personales que le conciernan o no. <\/p>\n\n\n\n<p>Las personas interesadas tienen derecho a acceder a sus datos\npersonales, as\u00ed como solicitar la rectificaci\u00f3n de datos inexactos o, en su\ncaso, solicitar su supresi\u00f3n cuando, entre otros motivos, los datos ya no sean\nnecesarios para los fines para los que fueron recogidos. <\/p>\n\n\n\n<p>En determinadas circunstancias, los interesados podr\u00e1n solicitar la\nlimitaci\u00f3n del tratamiento de sus datos, en cuyo caso \u00fanicamente los\nconservaremos para el ejercicio o la defensa de&nbsp;&nbsp; reclamaciones.&nbsp; Los usuarios tambi\u00e9n podr\u00e1n oponerse al\ntratamiento de sus datos. BONKORE, S.L. dejar\u00e1 de tratar los datos, salvo por\nmotivos leg\u00edtimos imperiosos, o en el ejercicio o defensa de reclamaciones.<\/p>\n","protected":false},"excerpt":{"rendered":"<p>\u00bfQui\u00e9n es el Responsable de tratamiento de sus datos? Identidad: BONKORE, S.L.Dir. Postal: CALLE RONDA DE LA PLAZUELA 7 &#8211; LAS ROZAS (28231)Correo elect.: alejos@bonkore.comDelegado de Protecci\u00f3n de Datos: Contacto DPO: dpo.bonkore@lock4data.es \u00bfCon que finalidad tratamos sus datos personales? En BONKORE, S.L. tratamos la informaci\u00f3n que nos facilitan las personas interesadas en el fin de [&hellip;]<\/p>\n","protected":false},"author":10,"featured_media":0,"parent":0,"menu_order":0,"comment_status":"closed","ping_status":"closed","template":"page-legal.php","meta":{"_acf_changed":false,"footnotes":""},"acf":[],"yoast_head":"<!-- This site is optimized with the Yoast SEO plugin v23.5 - https:\/\/yoast.com\/wordpress\/plugins\/seo\/ -->\n<title>Informaci\u00f3n adicional de protecci\u00f3n de datos - Bonkore<\/title>\n<meta name=\"description\" content=\"En BONKORE, S.L. tratamos la informaci\u00f3n que nos facilitan las personas interesadas en el fin de prestarle los servicios o informaci\u00f3n que nos soliciten as\u00ed como facilitar a los interesados informaci\u00f3n de acuerdo con sus intereses y mejorar su experiencia de usuario, as\u00ed como elaborar un \u201cperfil comercial\u201d en base a la informaci\u00f3n facilitada sin tomar decisiones automatizadas en base a dicho perfil.\" \/>\n<meta name=\"robots\" content=\"index, follow, max-snippet:-1, max-image-preview:large, max-video-preview:-1\" \/>\n<link rel=\"canonical\" href=\"https:\/\/bonkore.com\/en\/informacion-adicional-de-proteccion-de-datos\/\" \/>\n<meta property=\"og:locale\" content=\"en_US\" \/>\n<meta property=\"og:type\" content=\"article\" \/>\n<meta property=\"og:title\" content=\"Informaci\u00f3n adicional de protecci\u00f3n de datos - Bonkore\" \/>\n<meta property=\"og:description\" content=\"En BONKORE, S.L. tratamos la informaci\u00f3n que nos facilitan las personas interesadas en el fin de prestarle los servicios o informaci\u00f3n que nos soliciten as\u00ed como facilitar a los interesados informaci\u00f3n de acuerdo con sus intereses y mejorar su experiencia de usuario, as\u00ed como elaborar un \u201cperfil comercial\u201d en base a la informaci\u00f3n facilitada sin tomar decisiones automatizadas en base a dicho perfil.\" \/>\n<meta property=\"og:url\" content=\"https:\/\/bonkore.com\/en\/informacion-adicional-de-proteccion-de-datos\/\" \/>\n<meta property=\"og:site_name\" content=\"Bonkore\" \/>\n<meta property=\"article:modified_time\" content=\"2020-04-24T12:00:53+00:00\" \/>\n<meta name=\"twitter:card\" content=\"summary_large_image\" \/>\n<meta name=\"twitter:label1\" content=\"Est. reading time\" \/>\n\t<meta name=\"twitter:data1\" content=\"2 minutes\" \/>\n<script type=\"application\/ld+json\" class=\"yoast-schema-graph\">{\"@context\":\"https:\/\/schema.org\",\"@graph\":[{\"@type\":\"WebPage\",\"@id\":\"https:\/\/bonkore.com\/en\/informacion-adicional-de-proteccion-de-datos\/\",\"url\":\"https:\/\/bonkore.com\/en\/informacion-adicional-de-proteccion-de-datos\/\",\"name\":\"Informaci\u00f3n adicional de protecci\u00f3n de datos - Bonkore\",\"isPartOf\":{\"@id\":\"https:\/\/bonkore.com\/#website\"},\"datePublished\":\"2020-03-12T11:32:58+00:00\",\"dateModified\":\"2020-04-24T12:00:53+00:00\",\"description\":\"En BONKORE, S.L. tratamos la informaci\u00f3n que nos facilitan las personas interesadas en el fin de prestarle los servicios o informaci\u00f3n que nos soliciten as\u00ed como facilitar a los interesados informaci\u00f3n de acuerdo con sus intereses y mejorar su experiencia de usuario, as\u00ed como elaborar un \u201cperfil comercial\u201d en base a la informaci\u00f3n facilitada sin tomar decisiones automatizadas en base a dicho perfil.\",\"breadcrumb\":{\"@id\":\"https:\/\/bonkore.com\/en\/informacion-adicional-de-proteccion-de-datos\/#breadcrumb\"},\"inLanguage\":\"en-US\",\"potentialAction\":[{\"@type\":\"ReadAction\",\"target\":[\"https:\/\/bonkore.com\/en\/informacion-adicional-de-proteccion-de-datos\/\"]}]},{\"@type\":\"BreadcrumbList\",\"@id\":\"https:\/\/bonkore.com\/en\/informacion-adicional-de-proteccion-de-datos\/#breadcrumb\",\"itemListElement\":[{\"@type\":\"ListItem\",\"position\":1,\"name\":\"Portada\",\"item\":\"https:\/\/bonkore.com\/?page_id=7711\"},{\"@type\":\"ListItem\",\"position\":2,\"name\":\"Informaci\u00f3n adicional de protecci\u00f3n de datos\"}]},{\"@type\":\"WebSite\",\"@id\":\"https:\/\/bonkore.com\/#website\",\"url\":\"https:\/\/bonkore.com\/\",\"name\":\"Bonkore\",\"description\":\"Just another WordPress site\",\"potentialAction\":[{\"@type\":\"SearchAction\",\"target\":{\"@type\":\"EntryPoint\",\"urlTemplate\":\"https:\/\/bonkore.com\/?s={search_term_string}\"},\"query-input\":{\"@type\":\"PropertyValueSpecification\",\"valueRequired\":true,\"valueName\":\"search_term_string\"}}],\"inLanguage\":\"en-US\"}]}<\/script>\n<!-- \/ Yoast SEO plugin. -->","yoast_head_json":{"title":"Informaci\u00f3n adicional de protecci\u00f3n de datos - Bonkore","description":"En BONKORE, S.L. tratamos la informaci\u00f3n que nos facilitan las personas interesadas en el fin de prestarle los servicios o informaci\u00f3n que nos soliciten as\u00ed como facilitar a los interesados informaci\u00f3n de acuerdo con sus intereses y mejorar su experiencia de usuario, as\u00ed como elaborar un \u201cperfil comercial\u201d en base a la informaci\u00f3n facilitada sin tomar decisiones automatizadas en base a dicho perfil.","robots":{"index":"index","follow":"follow","max-snippet":"max-snippet:-1","max-image-preview":"max-image-preview:large","max-video-preview":"max-video-preview:-1"},"canonical":"https:\/\/bonkore.com\/en\/informacion-adicional-de-proteccion-de-datos\/","og_locale":"en_US","og_type":"article","og_title":"Informaci\u00f3n adicional de protecci\u00f3n de datos - Bonkore","og_description":"En BONKORE, S.L. tratamos la informaci\u00f3n que nos facilitan las personas interesadas en el fin de prestarle los servicios o informaci\u00f3n que nos soliciten as\u00ed como facilitar a los interesados informaci\u00f3n de acuerdo con sus intereses y mejorar su experiencia de usuario, as\u00ed como elaborar un \u201cperfil comercial\u201d en base a la informaci\u00f3n facilitada sin tomar decisiones automatizadas en base a dicho perfil.","og_url":"https:\/\/bonkore.com\/en\/informacion-adicional-de-proteccion-de-datos\/","og_site_name":"Bonkore","article_modified_time":"2020-04-24T12:00:53+00:00","twitter_card":"summary_large_image","twitter_misc":{"Est. reading time":"2 minutes"},"schema":{"@context":"https:\/\/schema.org","@graph":[{"@type":"WebPage","@id":"https:\/\/bonkore.com\/en\/informacion-adicional-de-proteccion-de-datos\/","url":"https:\/\/bonkore.com\/en\/informacion-adicional-de-proteccion-de-datos\/","name":"Informaci\u00f3n adicional de protecci\u00f3n de datos - Bonkore","isPartOf":{"@id":"https:\/\/bonkore.com\/#website"},"datePublished":"2020-03-12T11:32:58+00:00","dateModified":"2020-04-24T12:00:53+00:00","description":"En BONKORE, S.L. tratamos la informaci\u00f3n que nos facilitan las personas interesadas en el fin de prestarle los servicios o informaci\u00f3n que nos soliciten as\u00ed como facilitar a los interesados informaci\u00f3n de acuerdo con sus intereses y mejorar su experiencia de usuario, as\u00ed como elaborar un \u201cperfil comercial\u201d en base a la informaci\u00f3n facilitada sin tomar decisiones automatizadas en base a dicho perfil.","breadcrumb":{"@id":"https:\/\/bonkore.com\/en\/informacion-adicional-de-proteccion-de-datos\/#breadcrumb"},"inLanguage":"en-US","potentialAction":[{"@type":"ReadAction","target":["https:\/\/bonkore.com\/en\/informacion-adicional-de-proteccion-de-datos\/"]}]},{"@type":"BreadcrumbList","@id":"https:\/\/bonkore.com\/en\/informacion-adicional-de-proteccion-de-datos\/#breadcrumb","itemListElement":[{"@type":"ListItem","position":1,"name":"Portada","item":"https:\/\/bonkore.com\/?page_id=7711"},{"@type":"ListItem","position":2,"name":"Informaci\u00f3n adicional de protecci\u00f3n de datos"}]},{"@type":"WebSite","@id":"https:\/\/bonkore.com\/#website","url":"https:\/\/bonkore.com\/","name":"Bonkore","description":"Just another WordPress site","potentialAction":[{"@type":"SearchAction","target":{"@type":"EntryPoint","urlTemplate":"https:\/\/bonkore.com\/?s={search_term_string}"},"query-input":{"@type":"PropertyValueSpecification","valueRequired":true,"valueName":"search_term_string"}}],"inLanguage":"en-US"}]}},"_links":{"self":[{"href":"https:\/\/bonkore.com\/en\/wp-json\/wp\/v2\/pages\/944"}],"collection":[{"href":"https:\/\/bonkore.com\/en\/wp-json\/wp\/v2\/pages"}],"about":[{"href":"https:\/\/bonkore.com\/en\/wp-json\/wp\/v2\/types\/page"}],"author":[{"embeddable":true,"href":"https:\/\/bonkore.com\/en\/wp-json\/wp\/v2\/users\/10"}],"replies":[{"embeddable":true,"href":"https:\/\/bonkore.com\/en\/wp-json\/wp\/v2\/comments?post=944"}],"version-history":[{"count":7,"href":"https:\/\/bonkore.com\/en\/wp-json\/wp\/v2\/pages\/944\/revisions"}],"predecessor-version":[{"id":1191,"href":"https:\/\/bonkore.com\/en\/wp-json\/wp\/v2\/pages\/944\/revisions\/1191"}],"wp:attachment":[{"href":"https:\/\/bonkore.com\/en\/wp-json\/wp\/v2\/media?parent=944"}],"curies":[{"name":"wp","href":"https:\/\/api.w.org\/{rel}","templated":true}]}}